{"id":2654,"date":"2023-09-06T17:11:57","date_gmt":"2023-09-06T15:11:57","guid":{"rendered":"https:\/\/rubisevents.ch\/?page_id=2654"},"modified":"2023-09-21T21:35:45","modified_gmt":"2023-09-21T19:35:45","slug":"cycloswisstour","status":"publish","type":"page","link":"https:\/\/rubisevents.ch\/fr\/cycloswisstour\/","title":{"rendered":"CycloSwissTour"},"content":{"rendered":"","protected":false},"excerpt":{"rendered":"","protected":false},"author":4,"featured_media":0,"parent":0,"menu_order":0,"comment_status":"closed","ping_status":"closed","template":"page-interne.php","meta":{"_acf_changed":false,"inline_featured_image":false,"footnotes":""},"class_list":["post-2654","page","type-page","status-publish","hentry"],"acf":[],"yoast_head":"<!-- This site is optimized with the Yoast SEO plugin v27.5 - https:\/\/yoast.com\/product\/yoast-seo-wordpress\/ -->\n<title>Sortie \u00e0 v\u00e9lo pour groupes et entreprises en Suisse<\/title>\n<meta name=\"description\" content=\"Sortie entreprise \u00e0 v\u00e9lo sur route pour les groupes et les entreprises. V\u00e9lo de route, cyclisme, gravel, e.gravel, e.bike\" \/>\n<meta name=\"robots\" content=\"index, follow, max-snippet:-1, max-image-preview:large, max-video-preview:-1\" \/>\n<link rel=\"canonical\" href=\"https:\/\/rubisevents.ch\/fr\/cycloswisstour\/\" \/>\n<meta property=\"og:locale\" content=\"fr_FR\" \/>\n<meta property=\"og:type\" content=\"article\" \/>\n<meta property=\"og:title\" content=\"Sortie \u00e0 v\u00e9lo pour groupes et entreprises en Suisse\" \/>\n<meta property=\"og:description\" content=\"Sortie entreprise \u00e0 v\u00e9lo sur route pour les groupes et les entreprises. V\u00e9lo de route, cyclisme, gravel, e.gravel, e.bike\" \/>\n<meta property=\"og:url\" content=\"https:\/\/rubisevents.ch\/fr\/cycloswisstour\/\" \/>\n<meta property=\"og:site_name\" content=\"Rubis Events\" \/>\n<meta property=\"article:modified_time\" content=\"2023-09-21T19:35:45+00:00\" \/>\n<meta name=\"twitter:card\" content=\"summary_large_image\" \/>\n<script type=\"application\/ld+json\" class=\"yoast-schema-graph\">{\"@context\":\"https:\\\/\\\/schema.org\",\"@graph\":[{\"@type\":\"WebPage\",\"@id\":\"https:\\\/\\\/rubisevents.ch\\\/fr\\\/cycloswisstour\\\/\",\"url\":\"https:\\\/\\\/rubisevents.ch\\\/fr\\\/cycloswisstour\\\/\",\"name\":\"Sortie \u00e0 v\u00e9lo pour groupes et entreprises en Suisse\",\"isPartOf\":{\"@id\":\"https:\\\/\\\/rubisevents.ch\\\/fr\\\/#website\"},\"datePublished\":\"2023-09-06T15:11:57+00:00\",\"dateModified\":\"2023-09-21T19:35:45+00:00\",\"description\":\"Sortie entreprise \u00e0 v\u00e9lo sur route pour les groupes et les entreprises. V\u00e9lo de route, cyclisme, gravel, e.gravel, e.bike\",\"breadcrumb\":{\"@id\":\"https:\\\/\\\/rubisevents.ch\\\/fr\\\/cycloswisstour\\\/#breadcrumb\"},\"inLanguage\":\"fr-FR\",\"potentialAction\":[{\"@type\":\"ReadAction\",\"target\":[\"https:\\\/\\\/rubisevents.ch\\\/fr\\\/cycloswisstour\\\/\"]}]},{\"@type\":\"BreadcrumbList\",\"@id\":\"https:\\\/\\\/rubisevents.ch\\\/fr\\\/cycloswisstour\\\/#breadcrumb\",\"itemListElement\":[{\"@type\":\"ListItem\",\"position\":1,\"name\":\"Accueil\",\"item\":\"https:\\\/\\\/rubisevents.ch\\\/fr\\\/\"},{\"@type\":\"ListItem\",\"position\":2,\"name\":\"CycloSwissTour\"}]},{\"@type\":\"WebSite\",\"@id\":\"https:\\\/\\\/rubisevents.ch\\\/fr\\\/#website\",\"url\":\"https:\\\/\\\/rubisevents.ch\\\/fr\\\/\",\"name\":\"Rubis Events\",\"description\":\"\",\"publisher\":{\"@id\":\"https:\\\/\\\/rubisevents.ch\\\/fr\\\/#organization\"},\"potentialAction\":[{\"@type\":\"SearchAction\",\"target\":{\"@type\":\"EntryPoint\",\"urlTemplate\":\"https:\\\/\\\/rubisevents.ch\\\/fr\\\/?s={search_term_string}\"},\"query-input\":{\"@type\":\"PropertyValueSpecification\",\"valueRequired\":true,\"valueName\":\"search_term_string\"}}],\"inLanguage\":\"fr-FR\"},{\"@type\":\"Organization\",\"@id\":\"https:\\\/\\\/rubisevents.ch\\\/fr\\\/#organization\",\"name\":\"Rubis Events - Les manufacturiers des \u00e9v\u00e9nements\",\"url\":\"https:\\\/\\\/rubisevents.ch\\\/fr\\\/\",\"logo\":{\"@type\":\"ImageObject\",\"inLanguage\":\"fr-FR\",\"@id\":\"https:\\\/\\\/rubisevents.ch\\\/fr\\\/#\\\/schema\\\/logo\\\/image\\\/\",\"url\":\"https:\\\/\\\/rubisevents.ch\\\/wp-content\\\/uploads\\\/2021\\\/09\\\/Logo_RubisEvents.png\",\"contentUrl\":\"https:\\\/\\\/rubisevents.ch\\\/wp-content\\\/uploads\\\/2021\\\/09\\\/Logo_RubisEvents.png\",\"width\":800,\"height\":153,\"caption\":\"Rubis Events - Les manufacturiers des \u00e9v\u00e9nements\"},\"image\":{\"@id\":\"https:\\\/\\\/rubisevents.ch\\\/fr\\\/#\\\/schema\\\/logo\\\/image\\\/\"}}]}<\/script>\n<!-- \/ Yoast SEO plugin. -->","yoast_head_json":{"title":"Sortie \u00e0 v\u00e9lo pour groupes et entreprises en Suisse","description":"Sortie entreprise \u00e0 v\u00e9lo sur route pour les groupes et les entreprises. V\u00e9lo de route, cyclisme, gravel, e.gravel, e.bike","robots":{"index":"index","follow":"follow","max-snippet":"max-snippet:-1","max-image-preview":"max-image-preview:large","max-video-preview":"max-video-preview:-1"},"canonical":"https:\/\/rubisevents.ch\/fr\/cycloswisstour\/","og_locale":"fr_FR","og_type":"article","og_title":"Sortie \u00e0 v\u00e9lo pour groupes et entreprises en Suisse","og_description":"Sortie entreprise \u00e0 v\u00e9lo sur route pour les groupes et les entreprises. V\u00e9lo de route, cyclisme, gravel, e.gravel, e.bike","og_url":"https:\/\/rubisevents.ch\/fr\/cycloswisstour\/","og_site_name":"Rubis Events","article_modified_time":"2023-09-21T19:35:45+00:00","twitter_card":"summary_large_image","schema":{"@context":"https:\/\/schema.org","@graph":[{"@type":"WebPage","@id":"https:\/\/rubisevents.ch\/fr\/cycloswisstour\/","url":"https:\/\/rubisevents.ch\/fr\/cycloswisstour\/","name":"Sortie \u00e0 v\u00e9lo pour groupes et entreprises en Suisse","isPartOf":{"@id":"https:\/\/rubisevents.ch\/fr\/#website"},"datePublished":"2023-09-06T15:11:57+00:00","dateModified":"2023-09-21T19:35:45+00:00","description":"Sortie entreprise \u00e0 v\u00e9lo sur route pour les groupes et les entreprises. V\u00e9lo de route, cyclisme, gravel, e.gravel, e.bike","breadcrumb":{"@id":"https:\/\/rubisevents.ch\/fr\/cycloswisstour\/#breadcrumb"},"inLanguage":"fr-FR","potentialAction":[{"@type":"ReadAction","target":["https:\/\/rubisevents.ch\/fr\/cycloswisstour\/"]}]},{"@type":"BreadcrumbList","@id":"https:\/\/rubisevents.ch\/fr\/cycloswisstour\/#breadcrumb","itemListElement":[{"@type":"ListItem","position":1,"name":"Accueil","item":"https:\/\/rubisevents.ch\/fr\/"},{"@type":"ListItem","position":2,"name":"CycloSwissTour"}]},{"@type":"WebSite","@id":"https:\/\/rubisevents.ch\/fr\/#website","url":"https:\/\/rubisevents.ch\/fr\/","name":"Rubis Events","description":"","publisher":{"@id":"https:\/\/rubisevents.ch\/fr\/#organization"},"potentialAction":[{"@type":"SearchAction","target":{"@type":"EntryPoint","urlTemplate":"https:\/\/rubisevents.ch\/fr\/?s={search_term_string}"},"query-input":{"@type":"PropertyValueSpecification","valueRequired":true,"valueName":"search_term_string"}}],"inLanguage":"fr-FR"},{"@type":"Organization","@id":"https:\/\/rubisevents.ch\/fr\/#organization","name":"Rubis Events - Les manufacturiers des \u00e9v\u00e9nements","url":"https:\/\/rubisevents.ch\/fr\/","logo":{"@type":"ImageObject","inLanguage":"fr-FR","@id":"https:\/\/rubisevents.ch\/fr\/#\/schema\/logo\/image\/","url":"https:\/\/rubisevents.ch\/wp-content\/uploads\/2021\/09\/Logo_RubisEvents.png","contentUrl":"https:\/\/rubisevents.ch\/wp-content\/uploads\/2021\/09\/Logo_RubisEvents.png","width":800,"height":153,"caption":"Rubis Events - Les manufacturiers des \u00e9v\u00e9nements"},"image":{"@id":"https:\/\/rubisevents.ch\/fr\/#\/schema\/logo\/image\/"}}]}},"_links":{"self":[{"href":"https:\/\/rubisevents.ch\/fr\/wp-json\/wp\/v2\/pages\/2654","targetHints":{"allow":["GET"]}}],"collection":[{"href":"https:\/\/rubisevents.ch\/fr\/wp-json\/wp\/v2\/pages"}],"about":[{"href":"https:\/\/rubisevents.ch\/fr\/wp-json\/wp\/v2\/types\/page"}],"author":[{"embeddable":true,"href":"https:\/\/rubisevents.ch\/fr\/wp-json\/wp\/v2\/users\/4"}],"replies":[{"embeddable":true,"href":"https:\/\/rubisevents.ch\/fr\/wp-json\/wp\/v2\/comments?post=2654"}],"version-history":[{"count":100,"href":"https:\/\/rubisevents.ch\/fr\/wp-json\/wp\/v2\/pages\/2654\/revisions"}],"predecessor-version":[{"id":2818,"href":"https:\/\/rubisevents.ch\/fr\/wp-json\/wp\/v2\/pages\/2654\/revisions\/2818"}],"wp:attachment":[{"href":"https:\/\/rubisevents.ch\/fr\/wp-json\/wp\/v2\/media?parent=2654"}],"curies":[{"name":"wp","href":"https:\/\/api.w.org\/{rel}","templated":true}]}}