{"id":758,"date":"2020-12-23T08:24:07","date_gmt":"2020-12-23T07:24:07","guid":{"rendered":"https:\/\/rubisevents.ch\/?page_id=758"},"modified":"2023-09-21T21:53:14","modified_gmt":"2023-09-21T19:53:14","slug":"home","status":"publish","type":"page","link":"https:\/\/rubisevents.ch\/fr\/","title":{"rendered":"Accueil"},"content":{"rendered":"","protected":false},"excerpt":{"rendered":"","protected":false},"author":5,"featured_media":0,"parent":0,"menu_order":0,"comment_status":"closed","ping_status":"closed","template":"home.php","meta":{"_acf_changed":false,"inline_featured_image":false,"footnotes":""},"class_list":["post-758","page","type-page","status-publish","hentry"],"acf":[],"yoast_head":"<!-- This site is optimized with the Yoast SEO plugin v27.5 - https:\/\/yoast.com\/product\/yoast-seo-wordpress\/ -->\n<title>RubisEvents : Agence Ev\u00e9nementielle | Les manufacturiers de l&#039;\u00e9v\u00e9nement<\/title>\n<meta name=\"description\" content=\"Rubis Events est le sp\u00e9cialiste incontournable de l\u2019\u00e9v\u00e9nement, gr\u00e2ce notamment \u00e0 sa philosophie participative\" \/>\n<meta name=\"robots\" content=\"index, follow, max-snippet:-1, max-image-preview:large, max-video-preview:-1\" \/>\n<link rel=\"canonical\" href=\"https:\/\/rubisevents.ch\/fr\/\" \/>\n<meta property=\"og:locale\" content=\"fr_FR\" \/>\n<meta property=\"og:type\" content=\"article\" \/>\n<meta property=\"og:title\" content=\"RubisEvents : Agence Ev\u00e9nementielle | Les manufacturiers de l&#039;\u00e9v\u00e9nement\" \/>\n<meta property=\"og:description\" content=\"Rubis Events est le sp\u00e9cialiste incontournable de l\u2019\u00e9v\u00e9nement, gr\u00e2ce notamment \u00e0 sa philosophie participative\" \/>\n<meta property=\"og:url\" content=\"https:\/\/rubisevents.ch\/fr\/\" \/>\n<meta property=\"og:site_name\" content=\"Rubis Events\" \/>\n<meta property=\"article:modified_time\" content=\"2023-09-21T19:53:14+00:00\" \/>\n<meta name=\"twitter:card\" content=\"summary_large_image\" \/>\n<script type=\"application\/ld+json\" class=\"yoast-schema-graph\">{\"@context\":\"https:\\\/\\\/schema.org\",\"@graph\":[{\"@type\":\"WebPage\",\"@id\":\"https:\\\/\\\/rubisevents.ch\\\/fr\\\/\",\"url\":\"https:\\\/\\\/rubisevents.ch\\\/fr\\\/\",\"name\":\"RubisEvents : Agence Ev\u00e9nementielle | Les manufacturiers de l'\u00e9v\u00e9nement\",\"isPartOf\":{\"@id\":\"https:\\\/\\\/rubisevents.ch\\\/fr\\\/#website\"},\"datePublished\":\"2020-12-23T07:24:07+00:00\",\"dateModified\":\"2023-09-21T19:53:14+00:00\",\"description\":\"Rubis Events est le sp\u00e9cialiste incontournable de l\u2019\u00e9v\u00e9nement, gr\u00e2ce notamment \u00e0 sa philosophie participative\",\"breadcrumb\":{\"@id\":\"https:\\\/\\\/rubisevents.ch\\\/fr\\\/#breadcrumb\"},\"inLanguage\":\"fr-FR\",\"potentialAction\":[{\"@type\":\"ReadAction\",\"target\":[\"https:\\\/\\\/rubisevents.ch\\\/fr\\\/\"]}]},{\"@type\":\"BreadcrumbList\",\"@id\":\"https:\\\/\\\/rubisevents.ch\\\/fr\\\/#breadcrumb\",\"itemListElement\":[{\"@type\":\"ListItem\",\"position\":1,\"name\":\"Accueil\",\"item\":\"https:\\\/\\\/rubisevents.ch\\\/fr\\\/\"},{\"@type\":\"ListItem\",\"position\":2,\"name\":\"Accueil\"}]},{\"@type\":\"WebSite\",\"@id\":\"https:\\\/\\\/rubisevents.ch\\\/fr\\\/#website\",\"url\":\"https:\\\/\\\/rubisevents.ch\\\/fr\\\/\",\"name\":\"Rubis Events\",\"description\":\"\",\"publisher\":{\"@id\":\"https:\\\/\\\/rubisevents.ch\\\/fr\\\/#organization\"},\"potentialAction\":[{\"@type\":\"SearchAction\",\"target\":{\"@type\":\"EntryPoint\",\"urlTemplate\":\"https:\\\/\\\/rubisevents.ch\\\/fr\\\/?s={search_term_string}\"},\"query-input\":{\"@type\":\"PropertyValueSpecification\",\"valueRequired\":true,\"valueName\":\"search_term_string\"}}],\"inLanguage\":\"fr-FR\"},{\"@type\":\"Organization\",\"@id\":\"https:\\\/\\\/rubisevents.ch\\\/fr\\\/#organization\",\"name\":\"Rubis Events - Les manufacturiers des \u00e9v\u00e9nements\",\"url\":\"https:\\\/\\\/rubisevents.ch\\\/fr\\\/\",\"logo\":{\"@type\":\"ImageObject\",\"inLanguage\":\"fr-FR\",\"@id\":\"https:\\\/\\\/rubisevents.ch\\\/fr\\\/#\\\/schema\\\/logo\\\/image\\\/\",\"url\":\"https:\\\/\\\/rubisevents.ch\\\/wp-content\\\/uploads\\\/2021\\\/09\\\/Logo_RubisEvents.png\",\"contentUrl\":\"https:\\\/\\\/rubisevents.ch\\\/wp-content\\\/uploads\\\/2021\\\/09\\\/Logo_RubisEvents.png\",\"width\":800,\"height\":153,\"caption\":\"Rubis Events - Les manufacturiers des \u00e9v\u00e9nements\"},\"image\":{\"@id\":\"https:\\\/\\\/rubisevents.ch\\\/fr\\\/#\\\/schema\\\/logo\\\/image\\\/\"}}]}<\/script>\n<!-- \/ Yoast SEO plugin. -->","yoast_head_json":{"title":"RubisEvents : Agence Ev\u00e9nementielle | Les manufacturiers de l'\u00e9v\u00e9nement","description":"Rubis Events est le sp\u00e9cialiste incontournable de l\u2019\u00e9v\u00e9nement, gr\u00e2ce notamment \u00e0 sa philosophie participative","robots":{"index":"index","follow":"follow","max-snippet":"max-snippet:-1","max-image-preview":"max-image-preview:large","max-video-preview":"max-video-preview:-1"},"canonical":"https:\/\/rubisevents.ch\/fr\/","og_locale":"fr_FR","og_type":"article","og_title":"RubisEvents : Agence Ev\u00e9nementielle | Les manufacturiers de l'\u00e9v\u00e9nement","og_description":"Rubis Events est le sp\u00e9cialiste incontournable de l\u2019\u00e9v\u00e9nement, gr\u00e2ce notamment \u00e0 sa philosophie participative","og_url":"https:\/\/rubisevents.ch\/fr\/","og_site_name":"Rubis Events","article_modified_time":"2023-09-21T19:53:14+00:00","twitter_card":"summary_large_image","schema":{"@context":"https:\/\/schema.org","@graph":[{"@type":"WebPage","@id":"https:\/\/rubisevents.ch\/fr\/","url":"https:\/\/rubisevents.ch\/fr\/","name":"RubisEvents : Agence Ev\u00e9nementielle | Les manufacturiers de l'\u00e9v\u00e9nement","isPartOf":{"@id":"https:\/\/rubisevents.ch\/fr\/#website"},"datePublished":"2020-12-23T07:24:07+00:00","dateModified":"2023-09-21T19:53:14+00:00","description":"Rubis Events est le sp\u00e9cialiste incontournable de l\u2019\u00e9v\u00e9nement, gr\u00e2ce notamment \u00e0 sa philosophie participative","breadcrumb":{"@id":"https:\/\/rubisevents.ch\/fr\/#breadcrumb"},"inLanguage":"fr-FR","potentialAction":[{"@type":"ReadAction","target":["https:\/\/rubisevents.ch\/fr\/"]}]},{"@type":"BreadcrumbList","@id":"https:\/\/rubisevents.ch\/fr\/#breadcrumb","itemListElement":[{"@type":"ListItem","position":1,"name":"Accueil","item":"https:\/\/rubisevents.ch\/fr\/"},{"@type":"ListItem","position":2,"name":"Accueil"}]},{"@type":"WebSite","@id":"https:\/\/rubisevents.ch\/fr\/#website","url":"https:\/\/rubisevents.ch\/fr\/","name":"Rubis Events","description":"","publisher":{"@id":"https:\/\/rubisevents.ch\/fr\/#organization"},"potentialAction":[{"@type":"SearchAction","target":{"@type":"EntryPoint","urlTemplate":"https:\/\/rubisevents.ch\/fr\/?s={search_term_string}"},"query-input":{"@type":"PropertyValueSpecification","valueRequired":true,"valueName":"search_term_string"}}],"inLanguage":"fr-FR"},{"@type":"Organization","@id":"https:\/\/rubisevents.ch\/fr\/#organization","name":"Rubis Events - Les manufacturiers des \u00e9v\u00e9nements","url":"https:\/\/rubisevents.ch\/fr\/","logo":{"@type":"ImageObject","inLanguage":"fr-FR","@id":"https:\/\/rubisevents.ch\/fr\/#\/schema\/logo\/image\/","url":"https:\/\/rubisevents.ch\/wp-content\/uploads\/2021\/09\/Logo_RubisEvents.png","contentUrl":"https:\/\/rubisevents.ch\/wp-content\/uploads\/2021\/09\/Logo_RubisEvents.png","width":800,"height":153,"caption":"Rubis Events - Les manufacturiers des \u00e9v\u00e9nements"},"image":{"@id":"https:\/\/rubisevents.ch\/fr\/#\/schema\/logo\/image\/"}}]}},"_links":{"self":[{"href":"https:\/\/rubisevents.ch\/fr\/wp-json\/wp\/v2\/pages\/758","targetHints":{"allow":["GET"]}}],"collection":[{"href":"https:\/\/rubisevents.ch\/fr\/wp-json\/wp\/v2\/pages"}],"about":[{"href":"https:\/\/rubisevents.ch\/fr\/wp-json\/wp\/v2\/types\/page"}],"author":[{"embeddable":true,"href":"https:\/\/rubisevents.ch\/fr\/wp-json\/wp\/v2\/users\/5"}],"replies":[{"embeddable":true,"href":"https:\/\/rubisevents.ch\/fr\/wp-json\/wp\/v2\/comments?post=758"}],"version-history":[{"count":181,"href":"https:\/\/rubisevents.ch\/fr\/wp-json\/wp\/v2\/pages\/758\/revisions"}],"predecessor-version":[{"id":2857,"href":"https:\/\/rubisevents.ch\/fr\/wp-json\/wp\/v2\/pages\/758\/revisions\/2857"}],"wp:attachment":[{"href":"https:\/\/rubisevents.ch\/fr\/wp-json\/wp\/v2\/media?parent=758"}],"curies":[{"name":"wp","href":"https:\/\/api.w.org\/{rel}","templated":true}]}}